{"id":948,"date":"2025-01-30T17:32:48","date_gmt":"2025-01-30T16:32:48","guid":{"rendered":"https:\/\/art-education-power.kh-berlin.de\/?page_id=948"},"modified":"2025-02-03T10:21:04","modified_gmt":"2025-02-03T09:21:04","slug":"student-zine-art-recipes-transformative-ideas-and-resistance-beyond-the-art-world","status":"publish","type":"page","link":"https:\/\/art-education-power.kh-berlin.de\/de\/student-zine-art-recipes-transformative-ideas-and-resistance-beyond-the-art-world\/","title":{"rendered":"Student Zine: Art Recipes: Transformative Ideas and Resistance Beyond the Art World"},"content":{"rendered":"<div class=\"wp-block-columns is-layout-flex wp-container-core-columns-is-layout-28f84493 wp-block-columns-is-layout-flex\">\n<div class=\"wp-block-column is-layout-flow wp-block-column-is-layout-flow\" style=\"flex-basis:3%\"><\/div>\n\n\n\n<div class=\"wp-block-column is-layout-flow wp-block-column-is-layout-flow\">\n<div class=\"wp-block-columns alignfull are-vertically-aligned-center has-border-color has-accent-3-background-color has-background is-layout-flex wp-container-core-columns-is-layout-ff65d27e wp-block-columns-is-layout-flex\" style=\"border-color:#232323;border-width:1px;border-radius:100px;padding-right:var(--wp--preset--spacing--60);padding-left:var(--wp--preset--spacing--60)\">\n<div class=\"wp-block-column is-vertically-aligned-center is-layout-flow wp-container-core-column-is-layout-a955b5a3 wp-block-column-is-layout-flow\" style=\"padding-top:var(--wp--preset--spacing--10);padding-bottom:var(--wp--preset--spacing--10)\">\n<h3 class=\"wp-block-heading\">STUDENT ZINE<\/h3>\n\n\n\n<h2 class=\"wp-block-heading\"><strong><strong><strong>Kunstrezepte: Transformative Ideen und Widerstand jenseits der Kunstwelt<\/strong><\/strong><\/strong><\/h2>\n\n\n\n<p>Dieses Zine-Projekt mit dem Titel <em>\"Kunstrezepte: Transformative Ideen und Widerstand jenseits der Kunstwelt,\"<\/em> ist eine Gemeinschaftsarbeit einer Gruppe von Sch\u00fclern aus der Klasse \u201eStrategien des Widerstands\u201c. Die Sch\u00fclerinnen und Sch\u00fcler (und die Lehrerin) schufen Abschlussarbeiten, die die Idee der \u201eRezeptb\u00fccher\u201c als zentrales Thema aufgreifen. Die Werke vereinen kreative Werkzeugk\u00e4sten, Gebrauchsanweisungen, Prozessdokumentationen und Reflexionen \u00fcber Widerstand und Freude an der Kunst. Das Projekt kn\u00fcpft an die Diskussionen des Semesters an, die sich auf praktische und transformative Ans\u00e4tze des Kunstschaffens konzentrierten.&nbsp;<\/p>\n\n\n\n<p>Anisha Gupta M\u00fcller leitete die Kuratierung und \u00dcberwachung, und Sebasti\u00e1n Plaza gestaltete das endg\u00fcltige Cover und die Druckversionen.&nbsp;<\/p>\n<\/div>\n<\/div>\n\n\n\n<div class=\"wp-block-columns alignfull has-border-color has-accent-4-background-color has-background is-layout-flex wp-container-core-columns-is-layout-ff65d27e wp-block-columns-is-layout-flex\" style=\"border-color:#232323;border-width:1px;border-radius:100px;padding-right:var(--wp--preset--spacing--60);padding-left:var(--wp--preset--spacing--60)\">\n<div class=\"wp-block-column is-layout-flow wp-container-core-column-is-layout-a955b5a3 wp-block-column-is-layout-flow\" style=\"padding-top:var(--wp--preset--spacing--10);padding-bottom:var(--wp--preset--spacing--10)\">\n<figure class=\"wp-block-gallery aligncenter has-nested-images columns-default is-cropped wp-block-gallery-3 is-layout-flex wp-block-gallery-is-layout-flex\">\n<figure class=\"wp-block-image aligncenter size-medium wp-duotone-unset-1\"><img loading=\"lazy\" decoding=\"async\" width=\"300\" height=\"300\" data-id=\"968\" src=\"https:\/\/art-education-power.kh-berlin.de\/wp-content\/uploads\/2025\/01\/Zine-01-300x300.png\" alt=\"\" class=\"wp-image-968\" srcset=\"https:\/\/art-education-power.kh-berlin.de\/wp-content\/uploads\/2025\/01\/Zine-01-300x300.png 300w, https:\/\/art-education-power.kh-berlin.de\/wp-content\/uploads\/2025\/01\/Zine-01-150x150.png 150w, https:\/\/art-education-power.kh-berlin.de\/wp-content\/uploads\/2025\/01\/Zine-01-768x768.png 768w, https:\/\/art-education-power.kh-berlin.de\/wp-content\/uploads\/2025\/01\/Zine-01-12x12.png 12w, https:\/\/art-education-power.kh-berlin.de\/wp-content\/uploads\/2025\/01\/Zine-01.png 1000w\" sizes=\"auto, (max-width: 300px) 100vw, 300px\" \/><\/figure>\n\n\n\n<figure class=\"wp-block-image aligncenter size-medium wp-duotone-unset-2\"><img loading=\"lazy\" decoding=\"async\" width=\"300\" height=\"300\" data-id=\"967\" src=\"https:\/\/art-education-power.kh-berlin.de\/wp-content\/uploads\/2025\/01\/Zine-02-300x300.png\" alt=\"\" class=\"wp-image-967\" srcset=\"https:\/\/art-education-power.kh-berlin.de\/wp-content\/uploads\/2025\/01\/Zine-02-300x300.png 300w, https:\/\/art-education-power.kh-berlin.de\/wp-content\/uploads\/2025\/01\/Zine-02-150x150.png 150w, https:\/\/art-education-power.kh-berlin.de\/wp-content\/uploads\/2025\/01\/Zine-02-768x768.png 768w, https:\/\/art-education-power.kh-berlin.de\/wp-content\/uploads\/2025\/01\/Zine-02-12x12.png 12w, https:\/\/art-education-power.kh-berlin.de\/wp-content\/uploads\/2025\/01\/Zine-02.png 1000w\" sizes=\"auto, (max-width: 300px) 100vw, 300px\" \/><\/figure>\n<\/figure>\n<\/div>\n<\/div>\n<\/div>\n\n\n\n<div class=\"wp-block-column is-layout-flow wp-block-column-is-layout-flow\" style=\"flex-basis:3%\"><\/div>\n<\/div>","protected":false},"excerpt":{"rendered":"<p>STUDENT ZINE Art Recipes: Transformative Ideas and Resistance Beyond the Art World This zine project, titled &#8220;Art Recipes: Transformative Ideas and Resistance Beyond the Art World,&#8221; is a collaborative effort by a group of students from the class &#8216;Strategies of Resistance\u2019. The students (and the teacher) created final pieces using the idea of \u2018Recipe Books\u2019 [&hellip;]<\/p>","protected":false},"author":3,"featured_media":0,"parent":0,"menu_order":0,"comment_status":"closed","ping_status":"closed","template":"","meta":{"footnotes":""},"class_list":["post-948","page","type-page","status-publish","hentry"],"_links":{"self":[{"href":"https:\/\/art-education-power.kh-berlin.de\/de\/wp-json\/wp\/v2\/pages\/948","targetHints":{"allow":["GET"]}}],"collection":[{"href":"https:\/\/art-education-power.kh-berlin.de\/de\/wp-json\/wp\/v2\/pages"}],"about":[{"href":"https:\/\/art-education-power.kh-berlin.de\/de\/wp-json\/wp\/v2\/types\/page"}],"author":[{"embeddable":true,"href":"https:\/\/art-education-power.kh-berlin.de\/de\/wp-json\/wp\/v2\/users\/3"}],"replies":[{"embeddable":true,"href":"https:\/\/art-education-power.kh-berlin.de\/de\/wp-json\/wp\/v2\/comments?post=948"}],"version-history":[{"count":3,"href":"https:\/\/art-education-power.kh-berlin.de\/de\/wp-json\/wp\/v2\/pages\/948\/revisions"}],"predecessor-version":[{"id":1076,"href":"https:\/\/art-education-power.kh-berlin.de\/de\/wp-json\/wp\/v2\/pages\/948\/revisions\/1076"}],"wp:attachment":[{"href":"https:\/\/art-education-power.kh-berlin.de\/de\/wp-json\/wp\/v2\/media?parent=948"}],"curies":[{"name":"wp","href":"https:\/\/api.w.org\/{rel}","templated":true}]}}