{"id":730,"date":"2025-01-17T09:35:46","date_gmt":"2025-01-17T08:35:46","guid":{"rendered":"https:\/\/art-education-power.kh-berlin.de\/?page_id=730"},"modified":"2025-02-05T11:19:05","modified_gmt":"2025-02-05T10:19:05","slug":"critical-spaces-at-white-art-academies-or-art-academies-for-everyone-lecture-abstract","status":"publish","type":"page","link":"https:\/\/art-education-power.kh-berlin.de\/de\/critical-spaces-at-white-art-academies-or-art-academies-for-everyone-lecture-abstract\/","title":{"rendered":"Critical Spaces at White Art Academies or Art Academies for Everyone Lecture Abstract"},"content":{"rendered":"<div class=\"wp-block-columns is-layout-flex wp-container-core-columns-is-layout-28f84493 wp-block-columns-is-layout-flex\">\n<div class=\"wp-block-column is-layout-flow wp-block-column-is-layout-flow\" style=\"flex-basis:3%\"><\/div>\n\n\n\n<div class=\"wp-block-column is-layout-flow wp-block-column-is-layout-flow\">\n<div class=\"wp-block-columns alignfull are-vertically-aligned-center has-border-color has-accent-3-background-color has-background is-layout-flex wp-container-core-columns-is-layout-ff65d27e wp-block-columns-is-layout-flex\" style=\"border-color:#232323;border-width:1px;border-radius:100px;padding-right:var(--wp--preset--spacing--60);padding-left:var(--wp--preset--spacing--60)\">\n<div class=\"wp-block-column is-vertically-aligned-center is-layout-flow wp-container-core-column-is-layout-a955b5a3 wp-block-column-is-layout-flow\" style=\"padding-top:var(--wp--preset--spacing--10);padding-bottom:var(--wp--preset--spacing--10)\">\n<h3 class=\"wp-block-heading\">BELGRAD 2023<\/h3>\n\n\n\n<h2 class=\"wp-block-heading\"><strong>Kritische R\u00e4ume an wei\u00dfen Kunstakademien oder Kunstakademien f\u00fcr alle?<\/strong><\/h2>\n\n\n\n<p>Vortrag von Ulf Aminde &amp; Christien Goutri\u00e9 von der Hochschule f\u00fcr Kunst und Design Wei\u00dfensee, Berlin<br><br>Dieser Vortrag fand am 26. Juni 2023 an der Universit\u00e4t der K\u00fcnste in Belgrad, Serbien, im Rahmen der Konferenz \u201eIn from the margins - Sharing footnotes of subaltern knowledge and practices\u201c statt:<br>Hinterfragen der Nord-S\u00fcd-Beziehungen und der Ethik der internationalen Zusammenarbeit\u201c<\/p>\n\n\n\n<div class=\"wp-block-buttons is-layout-flex wp-block-buttons-is-layout-flex\">\n<div class=\"wp-block-button has-custom-font-size is-style-outline has-large-font-size is-style-outline--1\"><a class=\"wp-block-button__link wp-element-button\" href=\"https:\/\/art-education-power.kh-berlin.de\/wp-content\/uploads\/2025\/01\/Book-of-Abstracts-Shakin-Conference-Belgrade-2023.pdf\" target=\"_blank\" rel=\"noreferrer noopener\">DOWNLOAD ABSTRAKTES PDF<\/a><\/div>\n<\/div>\n<\/div>\n<\/div>\n<\/div>\n\n\n\n<div class=\"wp-block-column is-layout-flow wp-block-column-is-layout-flow\" style=\"flex-basis:3%\"><\/div>\n<\/div>","protected":false},"excerpt":{"rendered":"<p>BELGRADE 2023 Critical Spaces at White Art Academies or Art Academies for Everyone? Lecture by Ulf Aminde &amp; Christien Goutri\u00e9 of Wei\u00dfensee School of Art and Design, Berlin This lecture took place on 26th June 2023, at the University of Arts in Belgrade, Serbia as part of the Conference \u201eIn from the margins \u2013 Sharing [&hellip;]<\/p>","protected":false},"author":3,"featured_media":0,"parent":0,"menu_order":0,"comment_status":"closed","ping_status":"closed","template":"","meta":{"footnotes":""},"class_list":["post-730","page","type-page","status-publish","hentry"],"_links":{"self":[{"href":"https:\/\/art-education-power.kh-berlin.de\/de\/wp-json\/wp\/v2\/pages\/730","targetHints":{"allow":["GET"]}}],"collection":[{"href":"https:\/\/art-education-power.kh-berlin.de\/de\/wp-json\/wp\/v2\/pages"}],"about":[{"href":"https:\/\/art-education-power.kh-berlin.de\/de\/wp-json\/wp\/v2\/types\/page"}],"author":[{"embeddable":true,"href":"https:\/\/art-education-power.kh-berlin.de\/de\/wp-json\/wp\/v2\/users\/3"}],"replies":[{"embeddable":true,"href":"https:\/\/art-education-power.kh-berlin.de\/de\/wp-json\/wp\/v2\/comments?post=730"}],"version-history":[{"count":3,"href":"https:\/\/art-education-power.kh-berlin.de\/de\/wp-json\/wp\/v2\/pages\/730\/revisions"}],"predecessor-version":[{"id":1088,"href":"https:\/\/art-education-power.kh-berlin.de\/de\/wp-json\/wp\/v2\/pages\/730\/revisions\/1088"}],"wp:attachment":[{"href":"https:\/\/art-education-power.kh-berlin.de\/de\/wp-json\/wp\/v2\/media?parent=730"}],"curies":[{"name":"wp","href":"https:\/\/api.w.org\/{rel}","templated":true}]}}