{"id":628,"date":"2025-01-07T16:24:59","date_gmt":"2025-01-07T15:24:59","guid":{"rendered":"https:\/\/art-education-power.kh-berlin.de\/?page_id=628"},"modified":"2025-02-05T11:19:36","modified_gmt":"2025-02-05T10:19:36","slug":"the-politics-and-possibilities-of-safer-spaces-confronting-academia-as-site-of-violence-lecture-description-and-transcript","status":"publish","type":"page","link":"https:\/\/art-education-power.kh-berlin.de\/de\/the-politics-and-possibilities-of-safer-spaces-confronting-academia-as-site-of-violence-lecture-description-and-transcript\/","title":{"rendered":"The Politics and Possibilities of &#8216;Safer Spaces&#8217;: Confronting Academia as Site of Violence Lecture Description and Transcript"},"content":{"rendered":"<div class=\"wp-block-columns is-layout-flex wp-container-core-columns-is-layout-28f84493 wp-block-columns-is-layout-flex\">\n<div class=\"wp-block-column is-layout-flow wp-block-column-is-layout-flow\" style=\"flex-basis:3%\"><\/div>\n\n\n\n<div class=\"wp-block-column is-layout-flow wp-block-column-is-layout-flow\">\n<div class=\"wp-block-columns alignfull are-vertically-aligned-center has-border-color has-accent-4-background-color has-background is-layout-flex wp-container-core-columns-is-layout-ff65d27e wp-block-columns-is-layout-flex\" style=\"border-color:#232323;border-width:1px;border-radius:100px;padding-right:var(--wp--preset--spacing--60);padding-left:var(--wp--preset--spacing--60)\">\n<div class=\"wp-block-column is-vertically-aligned-center is-layout-flow wp-container-core-column-is-layout-a955b5a3 wp-block-column-is-layout-flow\" style=\"padding-top:var(--wp--preset--spacing--10);padding-bottom:var(--wp--preset--spacing--10)\">\n<h3 class=\"wp-block-heading\">BELGRAD 2023<\/h3>\n\n\n\n<h2 class=\"wp-block-heading\"><strong>Die Politik und die M\u00f6glichkeiten der <strong><strong>&#8216;<\/strong><\/strong>Sicherere R\u00e4ume<strong><strong>&#8216;<\/strong><\/strong>: Confronting Academia as a&nbsp;Site of Violence<\/strong>&nbsp;<\/h2>\n\n\n\n<p>Anisha Gupta M\u00fcller<br>26. Juni 2023, Universit\u00e4t der K\u00fcnste in Belgrad, Serbien<\/p>\n\n\n\n<p>Konferenz <strong><strong>&#8216;<\/strong><\/strong>In from the margins \u2013 Sharing footnotes of subaltern knowledge and practices:&nbsp; Questioning North-South relations and ethics of international collaboration<strong><strong>&#8216;<\/strong><\/strong>&nbsp;<\/p>\n\n\n\n<div class=\"wp-block-buttons is-layout-flex wp-block-buttons-is-layout-flex\">\n<div class=\"wp-block-button has-custom-font-size is-style-outline has-large-font-size is-style-outline--1\"><a class=\"wp-block-button__link wp-element-button\" href=\"https:\/\/art-education-power.kh-berlin.de\/wp-content\/uploads\/2025\/01\/ABSTRACT-The-Politics-and-Possibilities-of-\u2018Safer-Spaces.pdf\" target=\"_blank\" rel=\"noreferrer noopener\">DOWNLOAD ABSTRAKTES PDF<\/a><\/div>\n<\/div>\n<\/div>\n<\/div>\n\n\n\n<div class=\"wp-block-columns alignfull are-vertically-aligned-center has-border-color has-accent-3-background-color has-background is-layout-flex wp-container-core-columns-is-layout-ff65d27e wp-block-columns-is-layout-flex\" style=\"border-color:#232323;border-width:1px;border-radius:100px;padding-right:var(--wp--preset--spacing--60);padding-left:var(--wp--preset--spacing--60)\">\n<div class=\"wp-block-column is-vertically-aligned-center is-layout-flow wp-container-core-column-is-layout-a955b5a3 wp-block-column-is-layout-flow\" style=\"padding-top:var(--wp--preset--spacing--10);padding-bottom:var(--wp--preset--spacing--10)\">\n<figure class=\"wp-block-embed aligncenter is-type-video is-provider-youtube wp-block-embed-youtube wp-embed-aspect-16-9 wp-has-aspect-ratio\"><div class=\"wp-block-embed__wrapper\">\n<iframe loading=\"lazy\" title=\"Anisha Gupta M\u00fcller, Wei\u00dfensee Kunsthochschule, Berlin\" width=\"500\" height=\"281\" src=\"https:\/\/www.youtube.com\/embed\/rCQyMjepOok?feature=oembed\" frameborder=\"0\" allow=\"accelerometer; autoplay; clipboard-write; encrypted-media; gyroscope; picture-in-picture; web-share\" referrerpolicy=\"strict-origin-when-cross-origin\" allowfullscreen><\/iframe>\n<\/div><\/figure>\n\n\n\n<p class=\"has-medium-font-size\"><em>Sehen Sie sich den Vortrag auf YouTube an, um Zugang zur Abschrift zu erhalten<\/em><\/p>\n<\/div>\n<\/div>\n<\/div>\n\n\n\n<div class=\"wp-block-column is-layout-flow wp-block-column-is-layout-flow\" style=\"flex-basis:3%\"><\/div>\n<\/div>","protected":false},"excerpt":{"rendered":"<p>BELGRADE 2023 The politics and Possibilities of &#8216;Safer Spaces&#8216;: Confronting Academia as a&nbsp;Site of Violence&nbsp; Anisha Gupta M\u00fcller26th June 2023, University of Arts in Belgrade, Serbia Conference &#8216;In from the margins \u2013 Sharing footnotes of subaltern knowledge and practices:&nbsp; Questioning North-South relations and ethics of international collaboration&#8216;&nbsp; View the lecture on YouTube to access the [&hellip;]<\/p>","protected":false},"author":3,"featured_media":0,"parent":0,"menu_order":0,"comment_status":"closed","ping_status":"closed","template":"","meta":{"footnotes":""},"class_list":["post-628","page","type-page","status-publish","hentry"],"_links":{"self":[{"href":"https:\/\/art-education-power.kh-berlin.de\/de\/wp-json\/wp\/v2\/pages\/628","targetHints":{"allow":["GET"]}}],"collection":[{"href":"https:\/\/art-education-power.kh-berlin.de\/de\/wp-json\/wp\/v2\/pages"}],"about":[{"href":"https:\/\/art-education-power.kh-berlin.de\/de\/wp-json\/wp\/v2\/types\/page"}],"author":[{"embeddable":true,"href":"https:\/\/art-education-power.kh-berlin.de\/de\/wp-json\/wp\/v2\/users\/3"}],"replies":[{"embeddable":true,"href":"https:\/\/art-education-power.kh-berlin.de\/de\/wp-json\/wp\/v2\/comments?post=628"}],"version-history":[{"count":14,"href":"https:\/\/art-education-power.kh-berlin.de\/de\/wp-json\/wp\/v2\/pages\/628\/revisions"}],"predecessor-version":[{"id":1089,"href":"https:\/\/art-education-power.kh-berlin.de\/de\/wp-json\/wp\/v2\/pages\/628\/revisions\/1089"}],"wp:attachment":[{"href":"https:\/\/art-education-power.kh-berlin.de\/de\/wp-json\/wp\/v2\/media?parent=628"}],"curies":[{"name":"wp","href":"https:\/\/api.w.org\/{rel}","templated":true}]}}