{"id":262,"date":"2024-12-09T14:22:40","date_gmt":"2024-12-09T13:22:40","guid":{"rendered":"https:\/\/art-education-power.kh-berlin.de\/?page_id=262"},"modified":"2025-09-24T12:53:19","modified_gmt":"2025-09-24T10:53:19","slug":"publication","status":"publish","type":"page","link":"https:\/\/art-education-power.kh-berlin.de\/de\/publication\/","title":{"rendered":"Publikation"},"content":{"rendered":"<div class=\"wp-block-columns is-layout-flex wp-container-core-columns-is-layout-28f84493 wp-block-columns-is-layout-flex\">\n<div class=\"wp-block-column is-layout-flow wp-block-column-is-layout-flow\" style=\"flex-basis:3%\"><\/div>\n\n\n\n<div class=\"wp-block-column is-layout-flow wp-block-column-is-layout-flow\">\n<div class=\"wp-block-columns alignfull are-vertically-aligned-center has-border-color has-accent-2-background-color has-background is-layout-flex wp-container-core-columns-is-layout-09b06da8 wp-block-columns-is-layout-flex\" style=\"border-color:#232323;border-width:1px;border-radius:100px;padding-right:var(--wp--preset--spacing--60);padding-left:var(--wp--preset--spacing--60)\">\n<div class=\"wp-block-column is-vertically-aligned-center is-layout-flow wp-block-column-is-layout-flow\" style=\"flex-basis:50%\">\n<h1 class=\"wp-block-heading\" style=\"text-transform:none\">K\u00fcnstlerische Lehre ist (immer) eine politische Praxis<\/h1>\n\n\n\n<p>Anisha Gupta M\u00fcller<\/p>\n<\/div>\n\n\n\n<div class=\"wp-block-column is-vertically-aligned-center is-layout-flow wp-block-column-is-layout-flow\" style=\"flex-basis:50%\">\n<figure class=\"wp-block-image aligncenter size-full is-style-rounded wp-duotone-unset-2 is-style-rounded--1\"><img loading=\"lazy\" decoding=\"async\" width=\"960\" height=\"1080\" src=\"https:\/\/art-education-power.kh-berlin.de\/wp-content\/uploads\/2024\/12\/Publication-Mockup-half-size.png\" alt=\"\" class=\"wp-image-147\" srcset=\"https:\/\/art-education-power.kh-berlin.de\/wp-content\/uploads\/2024\/12\/Publication-Mockup-half-size.png 960w, https:\/\/art-education-power.kh-berlin.de\/wp-content\/uploads\/2024\/12\/Publication-Mockup-half-size-267x300.png 267w, https:\/\/art-education-power.kh-berlin.de\/wp-content\/uploads\/2024\/12\/Publication-Mockup-half-size-910x1024.png 910w, https:\/\/art-education-power.kh-berlin.de\/wp-content\/uploads\/2024\/12\/Publication-Mockup-half-size-768x864.png 768w\" sizes=\"auto, (max-width: 960px) 100vw, 960px\" \/><\/figure>\n<\/div>\n<\/div>\n\n\n\n<div class=\"wp-block-group alignfull has-global-padding is-layout-constrained wp-block-group-is-layout-constrained\">\n<div class=\"wp-block-columns alignfull are-vertically-aligned-center is-layout-flex wp-container-core-columns-is-layout-6f894fa4 wp-block-columns-is-layout-flex\" style=\"border-style:none;border-width:0px;border-radius:0px;margin-top:0;margin-bottom:0;padding-top:0;padding-right:var(--wp--preset--spacing--10);padding-bottom:0;padding-left:var(--wp--preset--spacing--10)\">\n<div class=\"wp-block-column is-layout-flow wp-block-column-is-layout-flow\" style=\"flex-basis:3%\"><\/div>\n\n\n\n<div class=\"wp-block-column is-vertically-aligned-center is-layout-flow wp-block-column-is-layout-flow\" style=\"flex-basis:94%\">\n<div class=\"_df_book df-lite\" id=\"df_794\"  _slug=\"794\" data-title=\"publication-excerpt-en\" wpoptions=\"true\" thumbtype=\"\" ><\/div><script class=\"df-shortcode-script\" nowprocket type=\"application\/javascript\">window.option_df_794 = {\"outline\":[],\"backgroundColor\":\"#dfeeba\",\"autoEnableOutline\":\"false\",\"autoEnableThumbnail\":\"false\",\"overwritePDFOutline\":\"false\",\"direction\":\"1\",\"pageSize\":\"0\",\"source\":\"https:\\\/\\\/art-education-power.kh-berlin.de\\\/wp-content\\\/uploads\\\/2025\\\/01\\\/Website_excerpt.pdf\",\"wpOptions\":\"true\"}; if(window.DFLIP && window.DFLIP.parseBooks){window.DFLIP.parseBooks();}<\/script>\n<\/div>\n\n\n\n<div class=\"wp-block-column is-layout-flow wp-block-column-is-layout-flow\" style=\"flex-basis:3%\"><\/div>\n<\/div>\n<\/div>\n\n\n\n<div class=\"wp-block-columns alignfull has-border-color has-accent-3-background-color has-background is-layout-flex wp-container-core-columns-is-layout-763ba880 wp-block-columns-is-layout-flex\" style=\"border-color:#232323;border-width:1px;border-radius:100px;padding-right:var(--wp--preset--spacing--60);padding-left:var(--wp--preset--spacing--60)\">\n<div class=\"wp-block-column has-large-font-size is-layout-flow wp-block-column-is-layout-flow\" style=\"flex-basis:50%\">\n<p>\u201cDiese Publikation zielt darauf ab, (einige) antidiskriminatorische Kunstschulp\u00e4dagogiken im deutschen Kontext zu archivieren. Ich stelle eine Vielzahl von Methoden, Materialien und Lehrpl\u00e4nen aus meinem Unterricht vor, die in p\u00e4dagogischen Kontexten entwickelt und eingesetzt werden k\u00f6nnen.<\/p>\n<\/div>\n\n\n\n<div class=\"wp-block-column has-large-font-size is-layout-flow wp-block-column-is-layout-flow\" style=\"flex-basis:50%\">\n<p>Meine Arbeit ist fast immer kollaborativ, daher freue ich mich besonders darauf, all die kollektiven Momente und den Austausch mit politischen Forscher_innen, Studierende und K\u00fcnstler_innen in Berlin zu dokumentieren.\u201d<\/p>\n\n\n\n<p class=\"has-text-align-right\">\u2013 Anisha Gupta M\u00fcller&nbsp;<\/p>\n<\/div>\n<\/div>\n\n\n\n<div class=\"wp-block-columns alignfull has-border-color has-accent-4-background-color has-background is-layout-flex wp-container-core-columns-is-layout-09b06da8 wp-block-columns-is-layout-flex\" style=\"border-color:#232323;border-width:1px;border-radius:100px;padding-right:var(--wp--preset--spacing--60);padding-left:var(--wp--preset--spacing--60)\">\n<div class=\"wp-block-column is-layout-flow wp-block-column-is-layout-flow\" style=\"flex-basis:63%\">\n<p>Das Buch ist auf Englisch und auch auf Deutsch erh\u00e4ltlich, sowohl online als auch in gedruckter Form. &nbsp;<\/p>\n\n\n\n<p>Es ist verf\u00fcgbar f\u00fcr <a href=\"https:\/\/opus4.kobv.de\/opus4-khs-berlin\/frontdoor\/index\/index\/searchtype\/latest\/docId\/121\/start\/7\/rows\/10\" target=\"_blank\" rel=\"noreferrer noopener\">online lesen<\/a> for free through\u00a0 wei\u00dfensee kunsthochschule\u02bcs digital archive.<\/p>\n\n\n\n<p>Exemplare sind bei <a href=\"https:\/\/www.buecherbogen.com\/\" data-type=\"link\" data-id=\"https:\/\/www.buecherbogen.com\/\" target=\"_blank\" rel=\"noreferrer noopener\">B\u00fccherbogen Buchhandlung<\/a> am Savignyplatz zu erwerben.<\/p>\n<\/div>\n\n\n\n<div class=\"wp-block-column is-layout-flow wp-block-column-is-layout-flow\" style=\"flex-basis:2%\"><\/div>\n\n\n\n<div class=\"wp-block-column is-vertically-aligned-center is-layout-flow wp-container-core-column-is-layout-e3d1c41b wp-block-column-is-layout-flow\" style=\"flex-basis:35%\">\n<div class=\"wp-block-buttons is-layout-flex wp-container-core-buttons-is-layout-dc4d7034 wp-block-buttons-is-layout-flex\">\n<div class=\"wp-block-button is-style-outline is-style-outline--3\"><a class=\"wp-block-button__link has-large-font-size has-custom-font-size wp-element-button\" href=\"https:\/\/opus4.kobv.de\/opus4-khs-berlin\/frontdoor\/index\/index\/searchtype\/latest\/docId\/121\/start\/7\/rows\/10\" target=\"_blank\" rel=\"noreferrer noopener\">ONLINE LESEN<\/a><\/div>\n<\/div>\n\n\n\n<div class=\"wp-block-buttons is-layout-flex wp-container-core-buttons-is-layout-dc4d7034 wp-block-buttons-is-layout-flex\">\n<div class=\"wp-block-button is-style-outline is-style-outline--4\"><a class=\"wp-block-button__link has-large-font-size has-custom-font-size wp-element-button\" href=\"https:\/\/kh-berlin.de\/hochschule\/buecher-kataloge\" target=\"_blank\" rel=\"noreferrer noopener\">DRUCKEXEMPLAR BESTELLEN<\/a><\/div>\n<\/div>\n<\/div>\n<\/div>\n\n\n\n<div class=\"wp-block-columns alignfull has-border-color is-layout-flex wp-container-core-columns-is-layout-1889b751 wp-block-columns-is-layout-flex\" style=\"border-color:#232323;border-width:1px;border-radius:100px;padding-top:var(--wp--preset--spacing--10);padding-right:var(--wp--preset--spacing--60);padding-bottom:var(--wp--preset--spacing--10);padding-left:var(--wp--preset--spacing--60)\">\n<div class=\"wp-block-column is-layout-flow wp-block-column-is-layout-flow\">\n<figure class=\"wp-block-image size-full wp-duotone-unset-5\"><img loading=\"lazy\" decoding=\"async\" width=\"800\" height=\"800\" src=\"https:\/\/art-education-power.kh-berlin.de\/wp-content\/uploads\/2025\/01\/Publication-EN-02.png\" alt=\"\" class=\"wp-image-838\" srcset=\"https:\/\/art-education-power.kh-berlin.de\/wp-content\/uploads\/2025\/01\/Publication-EN-02.png 800w, https:\/\/art-education-power.kh-berlin.de\/wp-content\/uploads\/2025\/01\/Publication-EN-02-300x300.png 300w, https:\/\/art-education-power.kh-berlin.de\/wp-content\/uploads\/2025\/01\/Publication-EN-02-150x150.png 150w, https:\/\/art-education-power.kh-berlin.de\/wp-content\/uploads\/2025\/01\/Publication-EN-02-768x768.png 768w\" sizes=\"auto, (max-width: 800px) 100vw, 800px\" \/><\/figure>\n<\/div>\n\n\n\n<div class=\"wp-block-column is-layout-flow wp-block-column-is-layout-flow\">\n<figure class=\"wp-block-image size-full wp-duotone-unset-6\"><img loading=\"lazy\" decoding=\"async\" width=\"800\" height=\"800\" src=\"https:\/\/art-education-power.kh-berlin.de\/wp-content\/uploads\/2025\/01\/Publication-EN-03.png\" alt=\"\" class=\"wp-image-839\" srcset=\"https:\/\/art-education-power.kh-berlin.de\/wp-content\/uploads\/2025\/01\/Publication-EN-03.png 800w, https:\/\/art-education-power.kh-berlin.de\/wp-content\/uploads\/2025\/01\/Publication-EN-03-300x300.png 300w, https:\/\/art-education-power.kh-berlin.de\/wp-content\/uploads\/2025\/01\/Publication-EN-03-150x150.png 150w, https:\/\/art-education-power.kh-berlin.de\/wp-content\/uploads\/2025\/01\/Publication-EN-03-768x768.png 768w\" sizes=\"auto, (max-width: 800px) 100vw, 800px\" \/><\/figure>\n<\/div>\n\n\n\n<div class=\"wp-block-column is-layout-flow wp-block-column-is-layout-flow\">\n<figure class=\"wp-block-image size-full wp-duotone-unset-7\"><img loading=\"lazy\" decoding=\"async\" width=\"800\" height=\"800\" src=\"https:\/\/art-education-power.kh-berlin.de\/wp-content\/uploads\/2025\/01\/Publication-EN-01.png\" alt=\"\" class=\"wp-image-837\" srcset=\"https:\/\/art-education-power.kh-berlin.de\/wp-content\/uploads\/2025\/01\/Publication-EN-01.png 800w, https:\/\/art-education-power.kh-berlin.de\/wp-content\/uploads\/2025\/01\/Publication-EN-01-300x300.png 300w, https:\/\/art-education-power.kh-berlin.de\/wp-content\/uploads\/2025\/01\/Publication-EN-01-150x150.png 150w, https:\/\/art-education-power.kh-berlin.de\/wp-content\/uploads\/2025\/01\/Publication-EN-01-768x768.png 768w\" sizes=\"auto, (max-width: 800px) 100vw, 800px\" \/><\/figure>\n<\/div>\n<\/div>\n\n\n\n<div class=\"wp-block-columns alignfull has-border-color has-accent-2-background-color has-background is-layout-flex wp-container-core-columns-is-layout-e62549d9 wp-block-columns-is-layout-flex\" style=\"border-color:#232323;border-width:1px;border-radius:100px;padding-right:var(--wp--preset--spacing--60);padding-left:var(--wp--preset--spacing--60)\">\n<div class=\"wp-block-column is-vertically-aligned-top is-layout-flow wp-block-column-is-layout-flow\">\n<h2 class=\"wp-block-heading\"><strong>Mit Arbeiten von:<\/strong>&nbsp;<\/h2>\n\n\n\n<p>Mudar Al-Khufash, Daniela Zambrano Almid\u00f3n, Mian&nbsp;Amat-Marwi, Matilda Kindima Bah, Lutea Beutel,&nbsp;Katja Breder, Maithu B\u00f9i, Lucas Burgfried, Luan&nbsp;Caja, P\u00eadra Costa, Samara Daioub, Severin&nbsp;Dellwisch, Wencke Dickhut, Sof\u00eda Mariaca Ewel,&nbsp;Samira Ghoualmia, Sukmin Hong, Friederike Keller,&nbsp;Mmakgosi Kgabi, B\u00e4r Kittelmann, Maissa Lihedheb,&nbsp;Mia Lavacchini, Verena M\u00fcllner, Saboura&nbsp;Naqshband, Maria Patsyuk, Rosalie Ponn, Sebasti\u00e1n&nbsp;Plaza, Luiza Prado, Sharonda Quainoo, Charlotte&nbsp;Rohde, Viktor Roshu, Marlene Sadner, Hannah&nbsp;Sch\u00fctz, Rachel Seife Tesfaye, Ida-Marie Simonsen,&nbsp;Naya de Souza\/Lux Ven\u00e9rea, Armeghan Taheri,&nbsp;Aysan Naz T\u00fcrkmen, Emma de Warren, Maya Zaheer.&nbsp;<\/p>\n<\/div>\n<\/div>\n\n\n\n<div class=\"wp-block-columns alignfull has-border-color has-accent-3-background-color has-background is-layout-flex wp-container-core-columns-is-layout-06db9b6a wp-block-columns-is-layout-flex\" style=\"border-color:#232323;border-width:1px;border-radius:100px;padding-top:var(--wp--preset--spacing--10);padding-right:var(--wp--preset--spacing--40);padding-bottom:var(--wp--preset--spacing--10);padding-left:var(--wp--preset--spacing--40)\">\n<div class=\"wp-block-column is-vertically-aligned-center is-layout-flow wp-block-column-is-layout-flow\" style=\"flex-basis:40%\">\n<figure class=\"wp-block-image aligncenter size-medium is-resized wp-duotone-unset-8\"><img loading=\"lazy\" decoding=\"async\" width=\"170\" height=\"300\" src=\"https:\/\/art-education-power.kh-berlin.de\/wp-content\/uploads\/2025\/01\/TOOLKIT_EN-170x300.png\" alt=\"\" class=\"wp-image-846\" style=\"width:280px;height:auto\" srcset=\"https:\/\/art-education-power.kh-berlin.de\/wp-content\/uploads\/2025\/01\/TOOLKIT_EN-170x300.png 170w, https:\/\/art-education-power.kh-berlin.de\/wp-content\/uploads\/2025\/01\/TOOLKIT_EN.png 567w\" sizes=\"auto, (max-width: 170px) 100vw, 170px\" \/><\/figure>\n<\/div>\n\n\n\n<div class=\"wp-block-column is-vertically-aligned-center is-layout-flow wp-container-core-column-is-layout-4a0bf003 wp-block-column-is-layout-flow\" style=\"padding-top:var(--wp--preset--spacing--10);padding-bottom:var(--wp--preset--spacing--10);flex-basis:60%\">\n<h4 class=\"wp-block-heading\">TOOLKIT<\/h4>\n\n\n\n<h2 class=\"wp-block-heading\"><strong>K\u00f6rper im Kursraum <\/strong><\/h2>\n\n\n\n<p>Dieses illustrierte Poster ist ein Toolkit f\u00fcr P\u00e4dagog_innen und bietet praktische Tipps und Fragen, die zum Nachdenken \u00fcber die Machtdynamik im Klassenzimmer anregen. Es hebt vier Schl\u00fcsselthemen hervor: Musik, Achtsamkeit, Dehnungspausen und wechselnde R\u00e4ume, die die Integration von bewegungsbasierten Praktiken und M\u00f6glichkeiten zur Reflexion in den Unterricht f\u00f6rdern.<\/p>\n\n\n\n<p>Das Plakat wurde von Anisha Gupta M\u00fcller geschrieben und konzipiert und von Sebasti\u00e1n Plaza gestaltet. <\/p>\n\n\n\n<div class=\"wp-block-buttons is-layout-flex wp-block-buttons-is-layout-flex\" style=\"padding-top:var(--wp--preset--spacing--10);padding-right:0;padding-bottom:var(--wp--preset--spacing--10);padding-left:0\">\n<div class=\"wp-block-button is-style-outline is-style-outline--9\"><a class=\"wp-block-button__link has-large-font-size has-custom-font-size wp-element-button\" href=\"https:\/\/art-education-power.kh-berlin.de\/wp-content\/uploads\/2025\/01\/Kopie_von_Kopie_von_TOOLKIT_ENG.pdf\" target=\"_blank\" rel=\"noreferrer noopener\">TOOLKIT PDF HERUNTERLADEN<\/a><\/div>\n<\/div>\n<\/div>\n<\/div>\n<\/div>\n\n\n\n<div class=\"wp-block-column is-layout-flow wp-block-column-is-layout-flow\" style=\"flex-basis:3%\"><\/div>\n<\/div>","protected":false},"excerpt":{"rendered":"<p>Art Education (is always a) Political Practice Anisha Gupta M\u00fcller \u201cThis publication aims to archive (some)&nbsp;anti-discriminatory art school pedagogies in the&nbsp;German context. I present a variety of methods,&nbsp;materials and curricula from my lessons that can be developed and used in educational contexts. My&nbsp;work is almost always collaborative, so I am&nbsp;especially excited to document all the [&hellip;]<\/p>","protected":false},"author":3,"featured_media":0,"parent":0,"menu_order":0,"comment_status":"closed","ping_status":"closed","template":"","meta":{"footnotes":""},"class_list":["post-262","page","type-page","status-publish","hentry"],"_links":{"self":[{"href":"https:\/\/art-education-power.kh-berlin.de\/de\/wp-json\/wp\/v2\/pages\/262","targetHints":{"allow":["GET"]}}],"collection":[{"href":"https:\/\/art-education-power.kh-berlin.de\/de\/wp-json\/wp\/v2\/pages"}],"about":[{"href":"https:\/\/art-education-power.kh-berlin.de\/de\/wp-json\/wp\/v2\/types\/page"}],"author":[{"embeddable":true,"href":"https:\/\/art-education-power.kh-berlin.de\/de\/wp-json\/wp\/v2\/users\/3"}],"replies":[{"embeddable":true,"href":"https:\/\/art-education-power.kh-berlin.de\/de\/wp-json\/wp\/v2\/comments?post=262"}],"version-history":[{"count":119,"href":"https:\/\/art-education-power.kh-berlin.de\/de\/wp-json\/wp\/v2\/pages\/262\/revisions"}],"predecessor-version":[{"id":1112,"href":"https:\/\/art-education-power.kh-berlin.de\/de\/wp-json\/wp\/v2\/pages\/262\/revisions\/1112"}],"wp:attachment":[{"href":"https:\/\/art-education-power.kh-berlin.de\/de\/wp-json\/wp\/v2\/media?parent=262"}],"curies":[{"name":"wp","href":"https:\/\/api.w.org\/{rel}","templated":true}]}}