{"id":196,"date":"2024-12-06T19:01:34","date_gmt":"2024-12-06T18:01:34","guid":{"rendered":"https:\/\/art-education-power.kh-berlin.de\/?page_id=196"},"modified":"2025-02-03T10:07:53","modified_gmt":"2025-02-03T09:07:53","slug":"lectures","status":"publish","type":"page","link":"https:\/\/art-education-power.kh-berlin.de\/de\/lectures\/","title":{"rendered":"Vorlesungen"},"content":{"rendered":"<div class=\"wp-block-columns is-layout-flex wp-container-core-columns-is-layout-28f84493 wp-block-columns-is-layout-flex\">\n<div class=\"wp-block-column is-layout-flow wp-block-column-is-layout-flow\" style=\"flex-basis:3%\"><\/div>\n\n\n\n<div class=\"wp-block-column is-layout-flow wp-container-core-column-is-layout-e3d1c41b wp-block-column-is-layout-flow\">\n<div class=\"wp-block-columns alignfull has-border-color has-accent-4-background-color has-background is-layout-flex wp-container-core-columns-is-layout-412e164e wp-block-columns-is-layout-flex\" style=\"border-color:#232323;border-width:1px;border-radius:100px;padding-right:var(--wp--preset--spacing--40);padding-left:var(--wp--preset--spacing--40)\">\n<div class=\"wp-block-column is-vertically-aligned-center is-layout-flow wp-block-column-is-layout-flow\" style=\"flex-basis:20%\">\n<figure class=\"wp-block-image aligncenter size-thumbnail wp-duotone-unset-1\"><img loading=\"lazy\" decoding=\"async\" width=\"150\" height=\"150\" src=\"https:\/\/art-education-power.kh-berlin.de\/wp-content\/uploads\/2024\/12\/Doodles-07-150x150.png\" alt=\"\" class=\"wp-image-525\" srcset=\"https:\/\/art-education-power.kh-berlin.de\/wp-content\/uploads\/2024\/12\/Doodles-07-150x150.png 150w, https:\/\/art-education-power.kh-berlin.de\/wp-content\/uploads\/2024\/12\/Doodles-07-300x300.png 300w, https:\/\/art-education-power.kh-berlin.de\/wp-content\/uploads\/2024\/12\/Doodles-07.png 350w\" sizes=\"auto, (max-width: 150px) 100vw, 150px\" \/><\/figure>\n<\/div>\n\n\n\n<div class=\"wp-block-column is-vertically-aligned-center is-layout-flow wp-container-core-column-is-layout-4a0bf003 wp-block-column-is-layout-flow\" style=\"padding-top:var(--wp--preset--spacing--10);padding-bottom:var(--wp--preset--spacing--10);flex-basis:80%\">\n<h3 class=\"wp-block-heading\">BERLIN 2024<\/h3>\n\n\n\n<h2 class=\"wp-block-heading\"><strong>Kunst als Politik: Eine Berliner Gastvortragsreihe <\/strong><\/h2>\n\n\n\n<p style=\"font-size:clamp(0.929rem, 0.929rem + ((1vw - 0.2rem) * 0.785), 1.4rem);\"><em>Anisha Gupta M\u00fcller with Mudar Al-Khufash, Armeghan Taheri, Sharonda Quainoo, P\u00eadra Costa, Mmakgosi Kgabi, Saboura Naqshband, Luiza Prado, Maithu B\u00f9i, Samara Daioub, Daniela Zambrano Almid\u00f3n<\/em><\/p>\n\n\n\n<div class=\"wp-block-buttons is-layout-flex wp-block-buttons-is-layout-flex\">\n<div class=\"wp-block-button has-custom-font-size is-style-outline has-large-font-size is-style-outline--2\"><a class=\"wp-block-button__link wp-element-button\" href=\"https:\/\/art-education-power.kh-berlin.de\/de\/?page_id=450\">VIDEO + MITSCHRIFT<\/a><\/div>\n<\/div>\n<\/div>\n<\/div>\n\n\n\n<div class=\"wp-block-columns alignfull has-border-color has-accent-3-background-color has-background is-layout-flex wp-container-core-columns-is-layout-412e164e wp-block-columns-is-layout-flex\" style=\"border-color:#232323;border-width:1px;border-radius:100px;padding-right:var(--wp--preset--spacing--40);padding-left:var(--wp--preset--spacing--40)\">\n<div class=\"wp-block-column is-vertically-aligned-center is-layout-flow wp-block-column-is-layout-flow\" style=\"flex-basis:20%\">\n<figure class=\"wp-block-image aligncenter size-thumbnail wp-duotone-unset-3\"><img loading=\"lazy\" decoding=\"async\" width=\"150\" height=\"150\" src=\"https:\/\/art-education-power.kh-berlin.de\/wp-content\/uploads\/2024\/12\/Doodles-05-150x150.png\" alt=\"\" class=\"wp-image-523\" srcset=\"https:\/\/art-education-power.kh-berlin.de\/wp-content\/uploads\/2024\/12\/Doodles-05-150x150.png 150w, https:\/\/art-education-power.kh-berlin.de\/wp-content\/uploads\/2024\/12\/Doodles-05-300x300.png 300w, https:\/\/art-education-power.kh-berlin.de\/wp-content\/uploads\/2024\/12\/Doodles-05.png 350w\" sizes=\"auto, (max-width: 150px) 100vw, 150px\" \/><\/figure>\n<\/div>\n\n\n\n<div class=\"wp-block-column is-vertically-aligned-center is-layout-flow wp-container-core-column-is-layout-4a0bf003 wp-block-column-is-layout-flow\" style=\"padding-top:var(--wp--preset--spacing--10);padding-bottom:var(--wp--preset--spacing--10);flex-basis:80%\">\n<h3 class=\"wp-block-heading\">BERLIN<\/h3>\n\n\n\n<h2 class=\"wp-block-heading\"><strong><strong><strong>Coding f\u00fcr alle: Die Macht des digitalen Wissens demokratisieren<\/strong> <\/strong> <\/strong><\/h2>\n\n\n\n<p><em><em>mit Christine Goutri<\/em><\/em>\u00e9<\/p>\n\n\n\n<div class=\"wp-block-buttons is-layout-flex wp-block-buttons-is-layout-flex\">\n<div class=\"wp-block-button has-custom-font-size is-style-outline has-large-font-size is-style-outline--4\"><a class=\"wp-block-button__link wp-element-button\" href=\"https:\/\/art-education-power.kh-berlin.de\/de\/coding-for-everyone-lecture-description-and-transcript\/\">VIDEO + MITSCHRIFT<\/a><\/div>\n<\/div>\n<\/div>\n<\/div>\n\n\n\n<div class=\"wp-block-columns alignfull has-border-color has-accent-2-background-color has-background is-layout-flex wp-container-core-columns-is-layout-412e164e wp-block-columns-is-layout-flex\" style=\"border-color:#232323;border-width:1px;border-radius:100px;padding-right:var(--wp--preset--spacing--40);padding-left:var(--wp--preset--spacing--40)\">\n<div class=\"wp-block-column is-vertically-aligned-center is-layout-flow wp-block-column-is-layout-flow\" style=\"flex-basis:20%\">\n<figure class=\"wp-block-image aligncenter size-thumbnail wp-duotone-unset-5\"><img loading=\"lazy\" decoding=\"async\" width=\"150\" height=\"150\" src=\"https:\/\/art-education-power.kh-berlin.de\/wp-content\/uploads\/2024\/12\/Doodles-02-150x150.png\" alt=\"\" class=\"wp-image-520\" srcset=\"https:\/\/art-education-power.kh-berlin.de\/wp-content\/uploads\/2024\/12\/Doodles-02-150x150.png 150w, https:\/\/art-education-power.kh-berlin.de\/wp-content\/uploads\/2024\/12\/Doodles-02-300x300.png 300w, https:\/\/art-education-power.kh-berlin.de\/wp-content\/uploads\/2024\/12\/Doodles-02.png 350w\" sizes=\"auto, (max-width: 150px) 100vw, 150px\" \/><\/figure>\n<\/div>\n\n\n\n<div class=\"wp-block-column is-vertically-aligned-center is-layout-flow wp-container-core-column-is-layout-4a0bf003 wp-block-column-is-layout-flow\" style=\"padding-top:var(--wp--preset--spacing--10);padding-bottom:var(--wp--preset--spacing--10);flex-basis:80%\">\n<h3 class=\"wp-block-heading\">OXFORD 2024<\/h3>\n\n\n\n<h2 class=\"wp-block-heading\"><strong><strong>Im Gespr\u00e4ch mit Laura Lulika und Hang Linton <\/strong><\/strong><\/h2>\n\n\n\n<p><em><em>mit Laura Lulika, Hang Linton und Anisha Gupta M\u00fcller<\/em><\/em><\/p>\n\n\n\n<div class=\"wp-block-buttons is-layout-flex wp-block-buttons-is-layout-flex\">\n<div class=\"wp-block-button has-custom-font-size is-style-outline has-large-font-size is-style-outline--6\"><a class=\"wp-block-button__link wp-element-button\" href=\"https:\/\/art-education-power.kh-berlin.de\/de\/participatory-practices-art-and-democracy-transcript-and-audio\/\">VIDEO + MITSCHRIFT<\/a><\/div>\n<\/div>\n<\/div>\n<\/div>\n\n\n\n<div class=\"wp-block-columns alignfull has-border-color has-accent-4-background-color has-background is-layout-flex wp-container-core-columns-is-layout-412e164e wp-block-columns-is-layout-flex\" style=\"border-color:#232323;border-width:1px;border-radius:100px;padding-right:var(--wp--preset--spacing--40);padding-left:var(--wp--preset--spacing--40)\">\n<div class=\"wp-block-column is-vertically-aligned-center is-layout-flow wp-block-column-is-layout-flow\" style=\"flex-basis:20%\">\n<figure class=\"wp-block-image aligncenter size-thumbnail wp-duotone-unset-7\"><img loading=\"lazy\" decoding=\"async\" width=\"150\" height=\"150\" src=\"https:\/\/art-education-power.kh-berlin.de\/wp-content\/uploads\/2024\/12\/Doodles-08-150x150.png\" alt=\"\" class=\"wp-image-526\" srcset=\"https:\/\/art-education-power.kh-berlin.de\/wp-content\/uploads\/2024\/12\/Doodles-08-150x150.png 150w, https:\/\/art-education-power.kh-berlin.de\/wp-content\/uploads\/2024\/12\/Doodles-08-300x300.png 300w, https:\/\/art-education-power.kh-berlin.de\/wp-content\/uploads\/2024\/12\/Doodles-08.png 350w\" sizes=\"auto, (max-width: 150px) 100vw, 150px\" \/><\/figure>\n<\/div>\n\n\n\n<div class=\"wp-block-column is-vertically-aligned-center is-layout-flow wp-container-core-column-is-layout-4a0bf003 wp-block-column-is-layout-flow\" style=\"padding-top:var(--wp--preset--spacing--10);padding-bottom:var(--wp--preset--spacing--10);flex-basis:80%\">\n<h3 class=\"wp-block-heading\">BELGRAD 2023<\/h3>\n\n\n\n<h2 class=\"wp-block-heading\"><strong><strong>Kritische R\u00e4ume an wei\u00dfen Kunstakademien oder Kunstakademien f\u00fcr alle? <\/strong><\/strong><\/h2>\n\n\n\n<p><em><em>mit Ulf Aminde und Christien Goutri\u00e9<\/em><\/em><\/p>\n\n\n\n<div class=\"wp-block-buttons is-layout-flex wp-block-buttons-is-layout-flex\">\n<div class=\"wp-block-button has-custom-font-size is-style-outline has-large-font-size is-style-outline--8\"><a class=\"wp-block-button__link wp-element-button\" href=\"https:\/\/art-education-power.kh-berlin.de\/de\/critical-spaces-at-white-art-academies-or-art-academies-for-everyone-lecture-abstract\/\">BESCHREIBUNG UND ZUSAMMENFASSUNG<\/a><\/div>\n<\/div>\n<\/div>\n<\/div>\n\n\n\n<div class=\"wp-block-columns alignfull has-border-color has-accent-3-background-color has-background is-layout-flex wp-container-core-columns-is-layout-412e164e wp-block-columns-is-layout-flex\" style=\"border-color:#232323;border-width:1px;border-radius:100px;padding-right:var(--wp--preset--spacing--40);padding-left:var(--wp--preset--spacing--40)\">\n<div class=\"wp-block-column is-vertically-aligned-center is-layout-flow wp-block-column-is-layout-flow\" style=\"flex-basis:20%\">\n<figure class=\"wp-block-image aligncenter size-thumbnail wp-duotone-unset-9\"><img loading=\"lazy\" decoding=\"async\" width=\"150\" height=\"150\" src=\"https:\/\/art-education-power.kh-berlin.de\/wp-content\/uploads\/2024\/12\/Doodles-01-150x150.png\" alt=\"\" class=\"wp-image-519\" srcset=\"https:\/\/art-education-power.kh-berlin.de\/wp-content\/uploads\/2024\/12\/Doodles-01-150x150.png 150w, https:\/\/art-education-power.kh-berlin.de\/wp-content\/uploads\/2024\/12\/Doodles-01-300x300.png 300w, https:\/\/art-education-power.kh-berlin.de\/wp-content\/uploads\/2024\/12\/Doodles-01.png 350w\" sizes=\"auto, (max-width: 150px) 100vw, 150px\" \/><\/figure>\n<\/div>\n\n\n\n<div class=\"wp-block-column is-vertically-aligned-center is-layout-flow wp-container-core-column-is-layout-4a0bf003 wp-block-column-is-layout-flow\" style=\"padding-top:var(--wp--preset--spacing--10);padding-bottom:var(--wp--preset--spacing--10);flex-basis:80%\">\n<h3 class=\"wp-block-heading\">BELGRAD 2023<\/h3>\n\n\n\n<h2 class=\"wp-block-heading\"><strong><strong>Die Neuerfindung von Politik und \u00c4sthetik in einer wei\u00dfen Kunstakademie<\/strong><\/strong><\/h2>\n\n\n\n<p><em><em>mit Krishan Rajapakshe<\/em><\/em><\/p>\n\n\n\n<div class=\"wp-block-buttons is-layout-flex wp-block-buttons-is-layout-flex\">\n<div class=\"wp-block-button has-custom-font-size is-style-outline has-large-font-size is-style-outline--10\"><a class=\"wp-block-button__link wp-element-button\">VIDEO + MITSCHRIFT<\/a><\/div>\n<\/div>\n<\/div>\n<\/div>\n\n\n\n<div class=\"wp-block-columns alignfull has-border-color has-accent-2-background-color has-background is-layout-flex wp-container-core-columns-is-layout-412e164e wp-block-columns-is-layout-flex\" style=\"border-color:#232323;border-width:1px;border-radius:100px;padding-right:var(--wp--preset--spacing--40);padding-left:var(--wp--preset--spacing--40)\">\n<div class=\"wp-block-column is-vertically-aligned-center is-layout-flow wp-block-column-is-layout-flow\" style=\"flex-basis:20%\">\n<figure class=\"wp-block-image aligncenter size-thumbnail wp-duotone-unset-11\"><img loading=\"lazy\" decoding=\"async\" width=\"150\" height=\"150\" src=\"https:\/\/art-education-power.kh-berlin.de\/wp-content\/uploads\/2024\/12\/Doodles-04-150x150.png\" alt=\"\" class=\"wp-image-522\" srcset=\"https:\/\/art-education-power.kh-berlin.de\/wp-content\/uploads\/2024\/12\/Doodles-04-150x150.png 150w, https:\/\/art-education-power.kh-berlin.de\/wp-content\/uploads\/2024\/12\/Doodles-04-300x300.png 300w, https:\/\/art-education-power.kh-berlin.de\/wp-content\/uploads\/2024\/12\/Doodles-04.png 350w\" sizes=\"auto, (max-width: 150px) 100vw, 150px\" \/><\/figure>\n<\/div>\n\n\n\n<div class=\"wp-block-column is-vertically-aligned-center is-layout-flow wp-container-core-column-is-layout-4a0bf003 wp-block-column-is-layout-flow\" style=\"padding-top:var(--wp--preset--spacing--10);padding-bottom:var(--wp--preset--spacing--10);flex-basis:80%\">\n<h3 class=\"wp-block-heading\">LONDON 2024<\/h3>\n\n\n\n<h2 class=\"wp-block-heading\"><strong><strong>Im Gespr\u00e4ch mit Madina Wane: \u00dcber Voreingenommenheit in der Forschung, Wissenschaft und Bildung <\/strong> <\/strong><\/h2>\n\n\n\n<p><em><em>mit Madina Wane und Anisha Gupta M\u00fcller<\/em><\/em><\/p>\n\n\n\n<div class=\"wp-block-buttons is-layout-flex wp-block-buttons-is-layout-flex\">\n<div class=\"wp-block-button has-custom-font-size is-style-outline has-large-font-size is-style-outline--12\"><a class=\"wp-block-button__link wp-element-button\" href=\"https:\/\/art-education-power.kh-berlin.de\/de\/on-research-bias-science-and-education-lecture-description-and-transcript\/\">AUDIO + MITSCHRIFT<\/a><\/div>\n<\/div>\n<\/div>\n<\/div>\n\n\n\n<div class=\"wp-block-columns alignfull has-border-color has-accent-4-background-color has-background is-layout-flex wp-container-core-columns-is-layout-412e164e wp-block-columns-is-layout-flex\" style=\"border-color:#232323;border-width:1px;border-radius:100px;padding-right:var(--wp--preset--spacing--40);padding-left:var(--wp--preset--spacing--40)\">\n<div class=\"wp-block-column is-vertically-aligned-center is-layout-flow wp-block-column-is-layout-flow\" style=\"flex-basis:20%\">\n<figure class=\"wp-block-image aligncenter size-thumbnail wp-duotone-unset-13\"><img loading=\"lazy\" decoding=\"async\" width=\"150\" height=\"150\" src=\"https:\/\/art-education-power.kh-berlin.de\/wp-content\/uploads\/2024\/12\/Doodles-06-150x150.png\" alt=\"\" class=\"wp-image-524\" srcset=\"https:\/\/art-education-power.kh-berlin.de\/wp-content\/uploads\/2024\/12\/Doodles-06-150x150.png 150w, https:\/\/art-education-power.kh-berlin.de\/wp-content\/uploads\/2024\/12\/Doodles-06-300x300.png 300w, https:\/\/art-education-power.kh-berlin.de\/wp-content\/uploads\/2024\/12\/Doodles-06.png 350w\" sizes=\"auto, (max-width: 150px) 100vw, 150px\" \/><\/figure>\n<\/div>\n\n\n\n<div class=\"wp-block-column is-vertically-aligned-center is-layout-flow wp-container-core-column-is-layout-4a0bf003 wp-block-column-is-layout-flow\" style=\"padding-top:var(--wp--preset--spacing--10);padding-bottom:var(--wp--preset--spacing--10);flex-basis:80%\">\n<h3 class=\"wp-block-heading\">BELGRAD 2023<\/h3>\n\n\n\n<h2 class=\"wp-block-heading\"><strong><strong>Die Politik und die M\u00f6glichkeiten der <\/strong><\/strong>\u2018<strong><strong>Sicherere R\u00e4ume<\/strong><\/strong>\u2019<strong><strong>: Konfrontation mit der akademischen Welt als Ort der Gewalt<\/strong><\/strong><\/h2>\n\n\n\n<p><em><em>mit Anisha Gupta M\u00fcller<\/em><\/em><\/p>\n\n\n\n<div class=\"wp-block-buttons is-layout-flex wp-block-buttons-is-layout-flex\">\n<div class=\"wp-block-button has-custom-font-size is-style-outline has-large-font-size is-style-outline--14\"><a class=\"wp-block-button__link wp-element-button\" href=\"https:\/\/art-education-power.kh-berlin.de\/de\/the-politics-and-possibilities-of-safer-spaces-confronting-academia-as-site-of-violence-lecture-description-and-transcript\/\">VIDEO + MITSCHRIFT<\/a><\/div>\n<\/div>\n<\/div>\n<\/div>\n\n\n\n<div class=\"wp-block-columns alignfull has-border-color has-accent-3-background-color has-background is-layout-flex wp-container-core-columns-is-layout-412e164e wp-block-columns-is-layout-flex\" style=\"border-color:#232323;border-width:1px;border-radius:100px;padding-right:var(--wp--preset--spacing--40);padding-left:var(--wp--preset--spacing--40)\">\n<div class=\"wp-block-column is-vertically-aligned-center is-layout-flow wp-block-column-is-layout-flow\" style=\"flex-basis:20%\">\n<figure class=\"wp-block-image aligncenter size-thumbnail wp-duotone-unset-15\"><img loading=\"lazy\" decoding=\"async\" width=\"150\" height=\"150\" src=\"https:\/\/art-education-power.kh-berlin.de\/wp-content\/uploads\/2024\/12\/Doodles-03-150x150.png\" alt=\"\" class=\"wp-image-521\" srcset=\"https:\/\/art-education-power.kh-berlin.de\/wp-content\/uploads\/2024\/12\/Doodles-03-150x150.png 150w, https:\/\/art-education-power.kh-berlin.de\/wp-content\/uploads\/2024\/12\/Doodles-03-300x300.png 300w, https:\/\/art-education-power.kh-berlin.de\/wp-content\/uploads\/2024\/12\/Doodles-03.png 350w\" sizes=\"auto, (max-width: 150px) 100vw, 150px\" \/><\/figure>\n<\/div>\n\n\n\n<div class=\"wp-block-column is-vertically-aligned-center is-layout-flow wp-container-core-column-is-layout-4a0bf003 wp-block-column-is-layout-flow\" style=\"padding-top:var(--wp--preset--spacing--10);padding-bottom:var(--wp--preset--spacing--10);flex-basis:80%\">\n<h3 class=\"wp-block-heading\">BERLIN 2024<\/h3>\n\n\n\n<h2 class=\"wp-block-heading\"><strong><strong>Die K\u00fcche als sozialer Raum und Praxis<\/strong><\/strong><\/h2>\n\n\n\n<p><em><em>mit Krishan Rajapakshe und Ulf Aminde<\/em><\/em><\/p>\n\n\n\n<div class=\"wp-block-buttons is-layout-flex wp-block-buttons-is-layout-flex\">\n<div class=\"wp-block-button has-custom-font-size is-style-outline has-large-font-size is-style-outline--16\"><a class=\"wp-block-button__link wp-element-button\" href=\"https:\/\/art-education-power.kh-berlin.de\/de\/kitchen-as-a-social-space-and-practice-video-and-transcript\/\">VIDEO + BESCHREIBUNG<\/a><\/div>\n<\/div>\n<\/div>\n<\/div>\n\n\n\n<div class=\"wp-block-columns alignfull has-border-color has-accent-2-background-color has-background is-layout-flex wp-container-core-columns-is-layout-412e164e wp-block-columns-is-layout-flex\" style=\"border-color:#232323;border-width:1px;border-radius:100px;padding-right:var(--wp--preset--spacing--40);padding-left:var(--wp--preset--spacing--40)\">\n<div class=\"wp-block-column is-vertically-aligned-center is-layout-flow wp-block-column-is-layout-flow\" style=\"flex-basis:20%\">\n<figure class=\"wp-block-image aligncenter size-thumbnail wp-duotone-unset-17\"><img loading=\"lazy\" decoding=\"async\" width=\"150\" height=\"150\" src=\"https:\/\/art-education-power.kh-berlin.de\/wp-content\/uploads\/2024\/12\/Doodles-02-150x150.png\" alt=\"\" class=\"wp-image-520\" srcset=\"https:\/\/art-education-power.kh-berlin.de\/wp-content\/uploads\/2024\/12\/Doodles-02-150x150.png 150w, https:\/\/art-education-power.kh-berlin.de\/wp-content\/uploads\/2024\/12\/Doodles-02-300x300.png 300w, https:\/\/art-education-power.kh-berlin.de\/wp-content\/uploads\/2024\/12\/Doodles-02.png 350w\" sizes=\"auto, (max-width: 150px) 100vw, 150px\" \/><\/figure>\n<\/div>\n\n\n\n<div class=\"wp-block-column is-vertically-aligned-center is-layout-flow wp-container-core-column-is-layout-4a0bf003 wp-block-column-is-layout-flow\" style=\"padding-top:var(--wp--preset--spacing--10);padding-bottom:var(--wp--preset--spacing--10);flex-basis:80%\">\n<h3 class=\"wp-block-heading\">Aarhus 2020<\/h3>\n\n\n\n<h2 class=\"wp-block-heading\"><strong><strong><strong>#Weusedto<\/strong><\/strong><\/strong><\/h2>\n\n\n\n<p><em><em>mit Katrin Heimann<\/em><\/em><\/p>\n\n\n\n<div class=\"wp-block-buttons is-layout-flex wp-block-buttons-is-layout-flex\">\n<div class=\"wp-block-button has-custom-font-size is-style-outline has-large-font-size is-style-outline--18\"><a class=\"wp-block-button__link wp-element-button\" href=\"https:\/\/art-education-power.kh-berlin.de\/de\/we-used-to-lecture-video-and-description\/\">VIDEO + BESCHREIBUNG<\/a><\/div>\n<\/div>\n<\/div>\n<\/div>\n<\/div>\n\n\n\n<div class=\"wp-block-column is-layout-flow wp-block-column-is-layout-flow\" style=\"flex-basis:3%\"><\/div>\n<\/div>\n\n\n\n<p><\/p>","protected":false},"excerpt":{"rendered":"<p>BERLIN 2024 Art as Politics: A Berlin Guest Lecture Series Anisha Gupta M\u00fcller with Mudar Al-Khufash, Armeghan Taheri, Sharonda Quainoo, P\u00eadra Costa, Mmakgosi Kgabi, Saboura Naqshband, Luiza Prado, Maithu B\u00f9i, Samara Daioub, Daniela Zambrano Almid\u00f3n BERLIN Coding For Everyone: Democratizing the Power of Digital Knowledge with Christine Goutri\u00e9 OXFORD 2024 In Conversation with Laura Lulika [&hellip;]<\/p>","protected":false},"author":3,"featured_media":0,"parent":0,"menu_order":0,"comment_status":"closed","ping_status":"closed","template":"","meta":{"footnotes":""},"class_list":["post-196","page","type-page","status-publish","hentry"],"_links":{"self":[{"href":"https:\/\/art-education-power.kh-berlin.de\/de\/wp-json\/wp\/v2\/pages\/196","targetHints":{"allow":["GET"]}}],"collection":[{"href":"https:\/\/art-education-power.kh-berlin.de\/de\/wp-json\/wp\/v2\/pages"}],"about":[{"href":"https:\/\/art-education-power.kh-berlin.de\/de\/wp-json\/wp\/v2\/types\/page"}],"author":[{"embeddable":true,"href":"https:\/\/art-education-power.kh-berlin.de\/de\/wp-json\/wp\/v2\/users\/3"}],"replies":[{"embeddable":true,"href":"https:\/\/art-education-power.kh-berlin.de\/de\/wp-json\/wp\/v2\/comments?post=196"}],"version-history":[{"count":134,"href":"https:\/\/art-education-power.kh-berlin.de\/de\/wp-json\/wp\/v2\/pages\/196\/revisions"}],"predecessor-version":[{"id":1060,"href":"https:\/\/art-education-power.kh-berlin.de\/de\/wp-json\/wp\/v2\/pages\/196\/revisions\/1060"}],"wp:attachment":[{"href":"https:\/\/art-education-power.kh-berlin.de\/de\/wp-json\/wp\/v2\/media?parent=196"}],"curies":[{"name":"wp","href":"https:\/\/api.w.org\/{rel}","templated":true}]}}