{"id":13,"date":"2022-04-14T12:02:26","date_gmt":"2022-04-14T10:02:26","guid":{"rendered":"https:\/\/bluept22.see.kh-berlin.de\/?page_id=2"},"modified":"2025-02-03T09:46:22","modified_gmt":"2025-02-03T08:46:22","slug":"home","status":"publish","type":"page","link":"https:\/\/art-education-power.kh-berlin.de\/de\/","title":{"rendered":"Home"},"content":{"rendered":"<div class=\"wp-block-columns is-layout-flex wp-container-core-columns-is-layout-28f84493 wp-block-columns-is-layout-flex\">\n<div class=\"wp-block-column is-layout-flow wp-block-column-is-layout-flow\" style=\"flex-basis:3%\"><\/div>\n\n\n\n<div class=\"wp-block-column is-layout-flow wp-block-column-is-layout-flow\">\n<div class=\"wp-block-columns alignfull are-vertically-aligned-center has-border-color has-accent-2-background-color has-background is-layout-flex wp-container-core-columns-is-layout-ff65d27e wp-block-columns-is-layout-flex\" style=\"border-color:#232323;border-width:1px;border-radius:100px;padding-right:var(--wp--preset--spacing--60);padding-left:var(--wp--preset--spacing--60)\">\n<div class=\"wp-block-column is-vertically-aligned-center is-layout-flow wp-container-core-column-is-layout-a955b5a3 wp-block-column-is-layout-flow\" style=\"padding-top:var(--wp--preset--spacing--10);padding-bottom:var(--wp--preset--spacing--10);flex-basis:50%\">\n<h4 class=\"wp-block-heading\">Publikation<\/h4>\n\n\n\n<h1 class=\"wp-block-heading\"><strong>K\u00fcnstlerische Lehre<br>(ist immer eine)<br>Politische Praxis<\/strong><\/h1>\n\n\n\n<p>Ein Archiv von (einigen) antidiskriminierenden Kunstschulp\u00e4dagogiken im deutschen Kontext. Einschlie\u00dflich einer Vielzahl von Methoden, Materialien und Lehrpl\u00e4nen, die in Bildungskontexten entwickelt und eingesetzt werden k\u00f6nnen.  &nbsp;<\/p>\n\n\n\n<div class=\"wp-block-buttons is-layout-flex wp-block-buttons-is-layout-flex\">\n<div class=\"wp-block-button has-custom-font-size is-style-outline has-medium-font-size is-style-outline--1\"><a class=\"wp-block-button__link wp-element-button\" href=\"https:\/\/art-education-power.kh-berlin.de\/de\/?page_id=262\">MEHR ERFAHREN<\/a><\/div>\n<\/div>\n<\/div>\n\n\n\n<div class=\"wp-block-column is-vertically-aligned-center is-layout-flow wp-block-column-is-layout-flow\" style=\"flex-basis:50%\">\n<figure class=\"wp-block-image aligncenter size-full is-style-rounded wp-duotone-unset-3 is-style-rounded--2\"><img loading=\"lazy\" decoding=\"async\" width=\"960\" height=\"1080\" src=\"https:\/\/art-education-power.kh-berlin.de\/wp-content\/uploads\/2024\/12\/Publication-Mockup-half-size.png\" alt=\"\" class=\"wp-image-147\" srcset=\"https:\/\/art-education-power.kh-berlin.de\/wp-content\/uploads\/2024\/12\/Publication-Mockup-half-size.png 960w, https:\/\/art-education-power.kh-berlin.de\/wp-content\/uploads\/2024\/12\/Publication-Mockup-half-size-267x300.png 267w, https:\/\/art-education-power.kh-berlin.de\/wp-content\/uploads\/2024\/12\/Publication-Mockup-half-size-910x1024.png 910w, https:\/\/art-education-power.kh-berlin.de\/wp-content\/uploads\/2024\/12\/Publication-Mockup-half-size-768x864.png 768w\" sizes=\"auto, (max-width: 960px) 100vw, 960px\" \/><\/figure>\n<\/div>\n<\/div>\n<\/div>\n\n\n\n<div class=\"wp-block-column is-layout-flow wp-block-column-is-layout-flow\" style=\"flex-basis:3%\"><\/div>\n<\/div>","protected":false},"excerpt":{"rendered":"<p>Publication Art Education(is always a)Political Practice An archive of (some)&nbsp;anti-discriminatory art school pedagogies in the German context. Including a variety of methods,&nbsp;materials and curricula that can be&nbsp;developed and used in educational contexts. &nbsp;<\/p>","protected":false},"author":2,"featured_media":51,"parent":0,"menu_order":0,"comment_status":"closed","ping_status":"closed","template":"","meta":{"footnotes":""},"class_list":["post-13","page","type-page","status-publish","has-post-thumbnail","hentry"],"_links":{"self":[{"href":"https:\/\/art-education-power.kh-berlin.de\/de\/wp-json\/wp\/v2\/pages\/13","targetHints":{"allow":["GET"]}}],"collection":[{"href":"https:\/\/art-education-power.kh-berlin.de\/de\/wp-json\/wp\/v2\/pages"}],"about":[{"href":"https:\/\/art-education-power.kh-berlin.de\/de\/wp-json\/wp\/v2\/types\/page"}],"author":[{"embeddable":true,"href":"https:\/\/art-education-power.kh-berlin.de\/de\/wp-json\/wp\/v2\/users\/2"}],"replies":[{"embeddable":true,"href":"https:\/\/art-education-power.kh-berlin.de\/de\/wp-json\/wp\/v2\/comments?post=13"}],"version-history":[{"count":67,"href":"https:\/\/art-education-power.kh-berlin.de\/de\/wp-json\/wp\/v2\/pages\/13\/revisions"}],"predecessor-version":[{"id":1037,"href":"https:\/\/art-education-power.kh-berlin.de\/de\/wp-json\/wp\/v2\/pages\/13\/revisions\/1037"}],"wp:featuredmedia":[{"embeddable":true,"href":"https:\/\/art-education-power.kh-berlin.de\/de\/wp-json\/"}],"wp:attachment":[{"href":"https:\/\/art-education-power.kh-berlin.de\/de\/wp-json\/wp\/v2\/media?parent=13"}],"curies":[{"name":"wp","href":"https:\/\/api.w.org\/{rel}","templated":true}]}}